{"id":272,"date":"2023-06-02T08:48:26","date_gmt":"2023-06-02T06:48:26","guid":{"rendered":"https:\/\/villautopia.virtus3-projekti.com\/uvjeti-koristenja\/"},"modified":"2023-12-28T10:27:16","modified_gmt":"2023-12-28T09:27:16","slug":"nutzungsbedingungen","status":"publish","type":"page","link":"https:\/\/villa-utopia.eu\/de\/nutzungsbedingungen\/","title":{"rendered":"Nutzungsbedingungen"},"content":{"rendered":"<h2>ALLGEMEINE GESCH\u00c4FTSBEDINGUNGEN DER Villa Utopia<\/h2>\n<p>Der Gast muss am Tag der Buchung der Villa mindestens 21 Jahre alt sein<\/p>\n<h2>1. BEGINN DES MIETVERTRAGS<\/h2>\n<p>Die Ankunftszeit 16:00 Uhr und Abreisezeit 10:00 Uhr ist unver\u00e4nderlich und muss vom Gast eingehalten werden. Im Falle einer vorzeitigen Anreise kann der Gast die Villa nicht vor der in der Best\u00e4tigung angegebenen Ankunftszeit \u00fcbernehmen. Der Eigent\u00fcmer \u00fcbergibt die Schl\u00fcssel erst nach Bezahlung der gesamten Miete. Der Check-out aus der Villa muss am Abreisetag immer bis sp\u00e4testens 10:00 Uhr erfolgen und der Gast ist verpflichtet, die Schl\u00fcssel an den Eigent\u00fcmer zur\u00fcckzugeben. Im Falle einer sp\u00e4teren als vereinbarten Abreise ist der Gast verpflichtet, dem Vermieter alle dadurch entstehenden Mehrkosten zu zahlen und der Vermieter holt diese direkt vor Ort beim Gast ein.<\/p>\n<h2>2. VILLA<\/h2>\n<h3>2.1. Anzahl der G\u00e4ste<\/h3>\n<p>Die Anzahl der in der Villa und ihren R\u00e4umlichkeiten untergebrachten Personen darf zu keinem Zeitpunkt gr\u00f6\u00dfer sein als in der Best\u00e4tigung angegeben. Zu dieser Personenzahl z\u00e4hlen auch Kinder unabh\u00e4ngig von ihrem Alter. Ausgenommen sind Kinder bis zu einem Jahr, wenn ihre Anreise bereits angemeldet ist.<\/p>\n<h3>2.2. Jugendgruppen<\/h3>\n<p>Sofern die G\u00e4ste unter 21 Jahre alt sind, sind sie verpflichtet, dem Eigent\u00fcmer unmittelbar bei der Buchung die genaue Anzahl der G\u00e4ste und deren Alter mitzuteilen. In diesem Fall kann es erforderlich sein, eine zus\u00e4tzliche Kaution f\u00fcr die Sachschadenversicherung zu hinterlegen. Der Vermieter beh\u00e4lt sich das Recht vor, Gruppen von G\u00e4sten unter 21 Jahren abzulehnen, wenn der Eigent\u00fcmer nicht \u00fcber ihre Ankunft informiert wurde. In diesem Fall haben die G\u00e4ste keinen Anspruch auf R\u00fcckerstattung des gezahlten \u00dcbernachtungspreises.<\/p>\n<h3>2.3. Zelte und Wohnwagen<\/h3>\n<p>Das Aufstellen von Zelten, das Einbringen von Wohnwagen oder \u00c4hnlichem ist untersagt. Der Eigent\u00fcmer ist berechtigt, die unverz\u00fcgliche Entfernung zu verlangen. Erf\u00fcllt der Gast die genannten Voraussetzungen nicht unverz\u00fcglich, ist der Eigent\u00fcmer berechtigt, den Mietvertrag mit sofortiger Wirkung und ohne Einhaltung einer Frist zu k\u00fcndigen und der Gast ist verpflichtet, die Villa zusammen mit allen darin untergebrachten Personen endg\u00fcltig zu verlassen. innerhalb von 2 (zwei) Stunden und hat keinen Anspruch auf R\u00fcckerstattung des gezahlten Unterkunftspreises vom Eigent\u00fcmer.<\/p>\n<h3>2.4. Haustiere und Allergien<\/h3>\n<p>Haustiere sind in der Villa nur nach vorheriger Ank\u00fcndigung und Genehmigung des Eigent\u00fcmers gestattet.<\/p>\n<p>Wenn der Gast ein nicht angemeldetes Haustier mitbringt, beh\u00e4lt sich der Eigent\u00fcmer das Recht vor, den Mietvertrag mit sofortiger Wirkung und ohne Einhaltung einer Frist zu k\u00fcndigen und der Gast ist verpflichtet, die Villa innerhalb von 2 (zwei) Stunden endg\u00fcltig zu verlassen allen Personen, die sich dort aufhalten, berechtigt, vom Eigent\u00fcmer keine R\u00fcckerstattung des gezahlten \u00dcbernachtungspreises zu verlangen.<\/p>\n<h3>2.5. Schwimmbecken<\/h3>\n<p>Der Gast ist verpflichtet, zu seiner eigenen Sicherheit alle Anweisungen des Eigent\u00fcmers im Zusammenhang mit der Nutzung des Pools zu befolgen. Der Gast ist f\u00fcr die Nutzung des Pools in irgendeiner Weise verantwortlich. Kinder d\u00fcrfen sich ohne Aufsicht eines Erwachsenen nicht am Pool aufhalten. Der Gast nutzt den Pool auf eigene Gefahr.<\/p>\n<h2>3. PREISE UND ZAHLUNG<\/h2>\n<p>Alle Preise verstehen sich in Euro f\u00fcr die Villa pro Woche. Die Reservierung ist verbindlich und bei der Reservierung ist eine Anzahlung in H\u00f6he von 30 % des vereinbarten \u00dcbernachtungspreises zu leisten. Danach gilt die Reservierung als best\u00e4tigt, ein Vertrag mit dem Vermieter und diesen Allgemeinen Gesch\u00e4ftsbedingungen kommt zustande. die Bestandteil des Villa-Mietvertrages sind, werden akzeptiert. Nach Abschluss des Reservierungs- und Zahlungsvorgangs versendet der Vermieter per E-Mail eine schriftliche Reservierungsbest\u00e4tigung, die alle notwendigen Informationen zur Unterkunft enth\u00e4lt und neben diesen Allgemeinen Gesch\u00e4ftsbedingungen den zustande gekommenen Mietvertrag darstellt mit dem Besitzer. Der Mietvertrag gilt als abgeschlossen, wenn der Eigent\u00fcmer die Anzahlung erh\u00e4lt. Erfolgt die Zahlung nicht innerhalb von 8 Tagen ab dem Tag der Reservierung, gilt der Mietvertrag als gek\u00fcndigt und der Eigent\u00fcmer ist berechtigt, ohne besondere Benachrichtigung des Gastes einen neuen Mietvertrag mit einem anderen Gast abzuschlie\u00dfen.<\/p>\n<p>Im Preis enthalten sind die Kosten f\u00fcr Wasser, Strom und Internet sowie Bettw\u00e4sche, Handt\u00fccher, Geschirrt\u00fccher, Endreinigung des Innenbereichs, Pflege des Pools und Au\u00dfenbereichs, Wohnsitzanmeldung, Kurtaxe und Mehrwertsteuer. Mietpreis der Unterkunft.<\/p>\n<p>Bei Zahlungen per Bank\u00fcberweisung erfolgt die Zahlung in EUR und es besteht keine M\u00f6glichkeit einer Wechselkursdifferenz.<\/p>\n<p>Der Eigent\u00fcmer kann nicht f\u00fcr Wechselkursdifferenzen oder Geb\u00fchren anderer Bankinstitute verantwortlich gemacht werden. Der Restbetrag (70 % des vereinbarten Unterkunftspreises) muss sp\u00e4testens 7 Tage vor Ankunft in der Villa per Bank\u00fcberweisung erfolgen.<\/p>\n<p>Im Falle einer Stornierung der Reservierung k\u00f6nnen alle an den Eigent\u00fcmer geleisteten Zahlungen nicht zur\u00fcckerstattet werden. Schlie\u00dfen Sie eine eigene Reiseversicherung ab, die das Risiko eines Reiser\u00fccktritts abdeckt.<\/p>\n<h3>3.1. Nichteinhaltung von Zahlungsfristen<\/h3>\n<p>Der Gast ist verpflichtet, die Zahlung innerhalb der in diesem Punkt der Allgemeinen Gesch\u00e4ftsbedingungen beschriebenen Frist und Weise zu leisten. H\u00e4lt der Gast die Zahlungsbedingungen nicht ein, stellt dies einen schwerwiegenden Versto\u00df gegen die Vertragspflichten dar<\/p>\n<p>Der Mietvertrag gilt als ohne Einhaltung einer K\u00fcndigungsfrist gek\u00fcndigt und der Vermieter ist nicht verpflichtet, den Gast dar\u00fcber zu informieren. Der Eigent\u00fcmer ist zwar nicht dazu verpflichtet, wird den Gast jedoch im Rahmen seiner Gesch\u00e4ftspolitik der besonderen R\u00fccksichtnahme auf seine G\u00e4ste mit einer angemessenen Frist, vorzugsweise vor Vertragsbeendigung, durch eine Mitteilung an die Zahlungspflicht erinnern . Im Falle einer Vertragsbeendigung werden an den Eigent\u00fcmer geleistete Zahlungen nicht zur\u00fcckerstattet.<\/p>\n<h2>4. STORNIERUNG UND \u00c4NDERUNGEN<\/h2>\n<p>4.1. Ein abgeschlossener Mietvertrag kann nur schriftlich (per E-Mail) gek\u00fcndigt werden. Die Stornierung wird erst ab dem Tag wirksam, an dem der Eigent\u00fcmer die Stornierungsmitteilung erh\u00e4lt, und nur unter den Bedingungen dieses Punktes.<\/p>\n<p>4.2. Im Falle einer Stornierung des Mietvertrags werden alle bis zum Stornierungsdatum erhaltenen Zahlungen einbehalten und der Gast hat keinen Anspruch auf R\u00fcckerstattung. Der Eigent\u00fcmer empfiehlt den G\u00e4sten den Abschluss einer eigenen Reiseversicherung, die das Risiko eines Reiser\u00fccktritts abdeckt.<\/p>\n<p>4.3. F\u00fcr den Fall, dass der Gast im gleichen Zeitraum, zum gleichen Preis und zu den gleichen Bedingungen einen anderen Gast als Ersatz finden kann, \u00fcbertr\u00e4gt der Eigent\u00fcmer den Mietvertrag unverz\u00fcglich nach schriftlichem Erhalt aller notwendigen Informationen dar\u00fcber auf den neuen Gast neuer Gast. und senden ihm eine schriftliche Best\u00e4tigung. Der Eigent\u00fcmer beh\u00e4lt die bereits erhaltenen Betr\u00e4ge des Unterkunftspreises nach der Vertrags\u00fcbertragung und der neue Gast ist verpflichtet, den Restbetrag bis zum Gesamtpreis der Unterkunft entsprechend der zuvor gew\u00e4hlten Zahlungsart, die ein wesentlicher Bestandteil ist, zu zahlen vom Vertrag.<\/p>\n<p>4.4. Falls die Anlage aufgrund h\u00f6herer Gewalt wie Erdbeben, \u00dcberschwemmung, Feuer usw. nicht zur Vermietung verf\u00fcgbar ist, \u00fcbernimmt der Eigent\u00fcmer keine Verantwortung f\u00fcr stornierte Reservierungen. Dem Gast wird nach M\u00f6glichkeit eine alternative Unterbringung oder eine R\u00fcckerstattung des bis dahin gezahlten Geldes angeboten.<\/p>\n<h2>5. Schadenskaution<\/h2>\n<p>Der Gast ist verpflichtet, sofern er nicht \u00fcber eine Haftpflichtversicherung f\u00fcr Sachsch\u00e4den verf\u00fcgt, bei der Ankunft in der Villa eine Kaution in bar zu hinterlegen, um etwaige entstandene Sch\u00e4den abzusichern. Die H\u00f6he der Anzahlung, die der Gast dem Eigent\u00fcmer bei der Ankunft zu zahlen hat, ist in der schriftlichen Reservierungsbest\u00e4tigung angegeben. Die Kaution dient dem Eigent\u00fcmer als Garantie f\u00fcr Sch\u00e4den an der Villa und der Eigent\u00fcmer hat das Recht, den Schaden aus der Kaution zu begleichen. F\u00fcr den Fall, dass der Schaden h\u00f6her ist als der hinterlegte Betrag, ist der Gast verpflichtet, dem Eigent\u00fcmer den gesamten Schadensbetrag zu ersetzen. Wenn an der Villa keine Sch\u00e4den entstanden sind, ist der Eigent\u00fcmer verpflichtet, dem Gast bei der Schl\u00fcssel\u00fcbergabe bei der Abreise den hinterlegten Betrag zur\u00fcckzugeben.<\/p>\n<h2>6. SCH\u00c4DEN<\/h2>\n<p>Der Gast ist verpflichtet, sich gegen\u00fcber der gemieteten Villa verantwortungsvoll und sachgerecht zu verhalten. Der Gast ist verpflichtet, die Villa in dem Zustand zur\u00fcckzugeben, in dem er sie erhalten hat. F\u00fcr den entstandenen Schaden haftet der Gast direkt gegen\u00fcber dem Vermieter. Der Eigent\u00fcmer hat das Recht, die Kaution zur Deckung des tats\u00e4chlichen Schadens gem\u00e4\u00df Punkt 5 dieser Gesch\u00e4ftsbedingungen zu verwenden. Sollte die H\u00f6he der Kaution den Schaden nicht decken, ist der Gast verpflichtet, die Differenz bis zur Gesamth\u00f6he des Schadens direkt an den Eigent\u00fcmer zu zahlen.<\/p>\n<p>Als schwerwiegenderer Versto\u00df gegen die Bestimmungen des Mietvertrags gilt eine vors\u00e4tzliche Besch\u00e4digung von Eigentum oder eine St\u00f6rung der \u00f6ffentlichen Ordnung und des Friedens. In diesem Fall ist der Eigent\u00fcmer berechtigt, den Mietvertrag mit sofortiger Wirkung und ohne Einhaltung einer K\u00fcndigungsfrist zu k\u00fcndigen. und der Gast ist verpflichtet, die Villa zusammen mit allen dort untergebrachten Personen innerhalb von 2 (zwei) Stunden endg\u00fcltig zu verlassen, und hat keinen Anspruch auf R\u00fcckerstattung des gezahlten Unterkunftspreises vom Eigent\u00fcmer.<\/p>\n<p>Der Gast ist verpflichtet, dem Eigent\u00fcmer etwaige Sch\u00e4den an der Villa oder dem Grundst\u00fcck rund um die Villa w\u00e4hrend der Mietzeit unverz\u00fcglich mitzuteilen. Bei der Abreise des Gastes und vor R\u00fcckgabe der Schl\u00fcssel ist der Gast verpflichtet, gemeinsam mit dem Eigent\u00fcmer die Villa und das umliegende Grundst\u00fcck zu besichtigen.<\/p>\n<p>Sofern kein Schaden entstanden ist, ist der Eigent\u00fcmer verpflichtet, die Kaution aus Punkt 5 dieser Gesch\u00e4ftsbedingungen an den Gast zur\u00fcckzuzahlen, wenn er diese erhalten hat, und im Schadensfall ist er, sofern der Gast \u00fcber eine Versicherung verf\u00fcgt, verpflichtet, einzugreifen gem\u00e4\u00df den Versicherungsbedingungen.<\/p>\n<p>Auch die Notwendigkeit einer zus\u00e4tzlichen Reinigung aufgrund eines besonders schlechten Zustands, in dem der Gast die Villa an den Eigent\u00fcmer zur\u00fcckgegeben hat, kann als Schaden angesehen werden, und der Eigent\u00fcmer hat das Recht, die Kaution zur Deckung des Schadens zu verwenden oder eine sofortige Zahlung zu verlangen, wenn der Gast \u00fcber Eigentum verf\u00fcgt Versicherung gegen Sch\u00e4den.<\/p>\n<h2>7. ZUS\u00c4TZLICHE DIENSTLEISTUNGEN<\/h2>\n<p>Sofern der Gast Sonderw\u00fcnsche hat, die nicht im \u00dcbernachtungspreis enthalten sind (z. B. K\u00f6che, Kellner, besonderes Essen usw.), werden diese nach M\u00f6glichkeit vom Eigent\u00fcmer oder einem Dritten erf\u00fcllt. Zus\u00e4tzliche Leistungen m\u00fcssen vorab per E-Mail angek\u00fcndigt werden, damit diese nach M\u00f6glichkeit in bester Qualit\u00e4t erbracht werden k\u00f6nnen.<\/p>\n<h2>8. SCH\u00c4DEN, REKLAMATIONEN UND REPARATUR<\/h2>\n<p>Stellt der Gast bei der \u00dcbernahme der Villa mangelnde Sauberkeit, Besch\u00e4digungen oder sonstige Unregelm\u00e4\u00dfigkeiten in der Villa fest oder hat er eine Beschwerde sonstiger Art, ist er verpflichtet, unverz\u00fcglich, sp\u00e4testens jedoch innerhalb von 24 Stunden, eine Beschwerde einzureichen. Reklamationen zur Reinigung werden umgehend eingereicht. Der Widerspruch ist direkt an den Eigent\u00fcmer oder seinen Bevollm\u00e4chtigten zu richten. Die Pflicht des Gastes besteht darin, den Eintritt eines Schadens oder dessen Ausweitung zu verhindern und sich an der Bem\u00fchung zu beteiligen, den Schaden des Eigent\u00fcmers gering zu halten.<\/p>\n<p>Im Falle einer Reklamation ist der Gast verpflichtet, dem Vermieter eine angemessene Frist zur Erledigung der Reklamation zu setzen. Die Abreise des Gastes aus der Villa vor Ablauf der vereinbarten Mietdauer und ohne vorherige Ank\u00fcndigung und Vereinbarung mit dem Eigent\u00fcmer erfolgt auf Risiko und Kosten des Gastes und der Eigent\u00fcmer \u00fcbernimmt keine Verantwortung.<\/p>\n<p>F\u00fcr unmittelbare Sachsch\u00e4den des Gastes haftet allein der Eigent\u00fcmer. Der Eigent\u00fcmer kann f\u00fcr jeden immateriellen Schaden in Form einer Verletzung von Pers\u00f6nlichkeitsrechten haftbar gemacht werden.<\/p>\n<h2>9. TECHNISCHE AUSSTATTUNG DER VILLA<\/h2>\n<p>Die Villa verf\u00fcgt \u00fcber alle notwendigen Ger\u00e4te, technischen Anlagen und sonstigen Annehmlichkeiten, die dem Gast einen angenehmen Aufenthalt garantieren. Der Eigent\u00fcmer ist verpflichtet, f\u00fcr den ordnungsgem\u00e4\u00dfen Betrieb aller Ger\u00e4te in der Villa zu sorgen. Im Falle einer Funktionsst\u00f6rung oder eines Ausfalls eines der Ger\u00e4te ist der Gast verpflichtet, den Eigent\u00fcmer \u00fcber den Sachverhalt zu informieren, damit dieser schnellstm\u00f6glich die Reparatur veranlassen und den Mangel beseitigen kann. Der Eigent\u00fcmer ist verpflichtet, den gemeldeten Mangel innerhalb einer angemessenen Frist zu beheben. F\u00fcr Vers\u00e4umnisse haftet der Eigent\u00fcmer direkt gegen\u00fcber dem Mieter.<\/p>\n","protected":false},"excerpt":{"rendered":"<p>ALLGEMEINE GESCH\u00c4FTSBEDINGUNGEN DER Villa Utopia Der Gast muss am Tag der Buchung der Villa mindestens 21 Jahre alt sein 1. BEGINN DES MIETVERTRAGS Die Ankunftszeit 16:00 Uhr und Abreisezeit 10:00 Uhr ist unver\u00e4nderlich und muss vom Gast eingehalten werden. Im Falle einer vorzeitigen Anreise kann der Gast die Villa nicht vor der in der Best\u00e4tigung [&hellip;]<\/p>\n","protected":false},"author":1,"featured_media":244,"parent":0,"menu_order":0,"comment_status":"closed","ping_status":"closed","template":"template-uvjeti-koristenja.php","meta":{"footnotes":""},"class_list":["post-272","page","type-page","status-publish","has-post-thumbnail","hentry"],"acf":[],"aioseo_notices":[],"_links":{"self":[{"href":"https:\/\/villa-utopia.eu\/de\/wp-json\/wp\/v2\/pages\/272","targetHints":{"allow":["GET"]}}],"collection":[{"href":"https:\/\/villa-utopia.eu\/de\/wp-json\/wp\/v2\/pages"}],"about":[{"href":"https:\/\/villa-utopia.eu\/de\/wp-json\/wp\/v2\/types\/page"}],"author":[{"embeddable":true,"href":"https:\/\/villa-utopia.eu\/de\/wp-json\/wp\/v2\/users\/1"}],"replies":[{"embeddable":true,"href":"https:\/\/villa-utopia.eu\/de\/wp-json\/wp\/v2\/comments?post=272"}],"version-history":[{"count":6,"href":"https:\/\/villa-utopia.eu\/de\/wp-json\/wp\/v2\/pages\/272\/revisions"}],"predecessor-version":[{"id":552,"href":"https:\/\/villa-utopia.eu\/de\/wp-json\/wp\/v2\/pages\/272\/revisions\/552"}],"wp:featuredmedia":[{"embeddable":true,"href":"https:\/\/villa-utopia.eu\/de\/wp-json\/wp\/v2\/media\/244"}],"wp:attachment":[{"href":"https:\/\/villa-utopia.eu\/de\/wp-json\/wp\/v2\/media?parent=272"}],"curies":[{"name":"wp","href":"https:\/\/api.w.org\/{rel}","templated":true}]}}